{"id":102,"date":"2025-02-11T16:18:00","date_gmt":"2025-02-11T13:18:00","guid":{"rendered":"http:\/\/localhost\/bloway\/?page_id=102"},"modified":"2025-06-10T10:16:26","modified_gmt":"2025-06-10T07:16:26","slug":"hakkimizda","status":"publish","type":"page","link":"https:\/\/bloway.com.tr\/?page_id=102","title":{"rendered":"Hakk\u0131m\u0131zda"},"content":{"rendered":"<div class=\"is-default-size wp-block-site-logo\"><a href=\"https:\/\/bloway.com.tr\/\" class=\"custom-logo-link\" rel=\"home\"><img loading=\"lazy\" decoding=\"async\" width=\"238\" height=\"45\" src=\"https:\/\/bloway.com.tr\/wp-content\/uploads\/2025\/02\/BloWay.png\" class=\"custom-logo\" alt=\"Bloway\" \/><\/a><\/div>\n\n\n<figure class=\"wp-block-gallery has-nested-images columns-default is-cropped wp-block-gallery-2 is-layout-flex wp-block-gallery-is-layout-flex\">\n<figure class=\"wp-block-image size-full wp-duotone-unset-1\"><img loading=\"lazy\" decoding=\"async\" width=\"1347\" height=\"317\" data-id=\"184\" src=\"https:\/\/bloway.com.tr\/wp-content\/uploads\/2025\/02\/Basliksiz-11.gif\" alt=\"\" class=\"wp-image-184\"\/><\/figure>\n<\/figure>\n\n\n\n<p>2000 y\u0131l\u0131nda Kayseri Organize Sanayi B\u00f6lgesi&#8217;nde, kurucular\u0131n\u0131n 35 y\u0131l\u0131 a\u015fk\u0131n deneyimi ile temelleri at\u0131lan firmam\u0131z, bug\u00fcn T\u00fcrkiye\u2019nin lider kablo makinalar\u0131 \u00fcreticilerinden biri haline gelmi\u015ftir. Yenilik\u00e7i bak\u0131\u015f a\u00e7\u0131m\u0131z ve s\u00fcrekli geli\u015fime verdi\u011fimiz \u00f6nem sayesinde, k\u00fcresel \u00f6l\u00e7ekte tan\u0131nan ve sekt\u00f6rde g\u00fcvenilirli\u011fi ile \u00f6ne \u00e7\u0131kan bir marka konumuna ula\u015fm\u0131\u015f bulunmaktay\u0131z.<br>Rekabet\u00e7i ve verimli \u00fcretim politikam\u0131z do\u011frultusunda, alan\u0131nda uzman ekibimizle birlikte \u00fc\u00e7 ana alanda \u00fcretim ger\u00e7ekle\u015ftirmekteyiz:<br>\u2022 Fiber Optik ve Bak\u0131r Telli Kablo \u00dcretim Makinalar\u0131 \u2013 www.gmm.com.tr<br>\u2022 PET \u015ei\u015fe \u015ei\u015firme Makinalar\u0131 ve Komple Dolum Hatlar\u0131 \u2013 www.bloway.com.tr<br>\u2022 Ak\u0131ll\u0131 Depolama ve Ta\u015f\u0131ma Sistemleri \u2013 www.corobo.com.tr<br>Bunun yan\u0131 s\u0131ra, karde\u015f \u015firketimiz Anka Elektrik Elektronik Ltd. \u015eti., end\u00fcstriyel otomasyon alan\u0131nda faaliyet g\u00f6stermekte olup, \u00fcretim tesislerine \u00f6zel otomasyon \u00e7\u00f6z\u00fcmleri geli\u015ftirmekte ve sekt\u00f6re yenilik\u00e7i teknolojiler sunmaktad\u0131r.<br>Firmam\u0131z, Bakanl\u0131k onayl\u0131 Ar-Ge Merkezi ile inovasyonu ve teknolojik geli\u015fimi destekleyerek sekt\u00f6rde \u00f6nc\u00fc \u00e7\u00f6z\u00fcmler \u00fcretmektedir. Ar-Ge \u00e7al\u0131\u015fmalar\u0131m\u0131z sayesinde \u00fcr\u00fcnlerimizi s\u00fcrekli geli\u015ftiriyor, verimlili\u011fi art\u0131r\u0131yor ve m\u00fc\u015fterilerimize yenilik\u00e7i \u00e7\u00f6z\u00fcmler sunuyoruz.<br>Kaliteyi her zaman \u00f6n planda tutan firmam\u0131z, m\u00fc\u015fteri memnuniyeti, tedarik\u00e7i ili\u015fkileri ve \u00e7al\u0131\u015fanlar\u0131m\u0131z\u0131n katk\u0131lar\u0131 ile \u00fcretim s\u00fcre\u00e7lerini s\u00fcrekli iyile\u015ftirmekte ve uluslararas\u0131 kalite standartlar\u0131na uygun \u00fcretim yapmaktad\u0131r.<br>Toplam 12.000 m\u00b2 kapal\u0131 ve 20.000 m\u00b2 a\u00e7\u0131k alanda faaliyet g\u00f6stererek, m\u00fc\u015fterilerimize d\u00fcnya standartlar\u0131nda hizmet sunmaya devam ediyoruz.<\/p>\n\n\n\n<p><strong>BLOWAY PET \u015ei\u015firme Makinalar\u0131<\/strong>, <strong>y\u00fcksek verimlilik<\/strong>, <strong>minimum servis ve bak\u0131m ihtiyac\u0131<\/strong> ve <strong>d\u00fc\u015f\u00fck enerji t\u00fcketimi<\/strong> avantajlar\u0131yla k\u0131sa s\u00fcrede sekt\u00f6rde \u00f6ne \u00e7\u0131kan, g\u00fcvenilir firmalar aras\u0131nda yerini alm\u0131\u015ft\u0131r.<\/p>\n\n\n\n<p>Firmam\u0131z;<br>\u2705 <strong>ISO 9001:2008<\/strong> Kalite Y\u00f6netim Sistemi,<br>\u2705 <strong>TS 18001 (OHSAS)<\/strong> \u0130\u015f Sa\u011fl\u0131\u011f\u0131 ve G\u00fcvenli\u011fi Y\u00f6netim Sistemi,<br>\u2705 <strong>TS EN ISO 14001<\/strong> \u00c7evre Y\u00f6netim Sistemi belgelerine sahiptir.<\/p>\n\n\n\n<p>\u00dcretim s\u00fcre\u00e7lerimizde <strong>CE sertifikasyonuna<\/strong> uygunlu\u011fu esas alarak, uluslararas\u0131 kalite standartlar\u0131nda \u00fcretim ger\u00e7ekle\u015ftirmekteyiz.<\/p>\n","protected":false},"excerpt":{"rendered":"<p>2000 y\u0131l\u0131nda Kayseri Organize Sanayi B\u00f6lgesi&#8217;nde, kurucular\u0131n\u0131n 35 y\u0131l\u0131 a\u015fk\u0131n deneyimi ile temelleri at\u0131lan firmam\u0131z, bug\u00fcn T\u00fcrkiye\u2019nin lider kablo makinalar\u0131 \u00fcreticilerinden biri haline gelmi\u015ftir. Yenilik\u00e7i bak\u0131\u015f a\u00e7\u0131m\u0131z ve s\u00fcrekli geli\u015fime verdi\u011fimiz \u00f6nem sayesinde, k\u00fcresel \u00f6l\u00e7ekte tan\u0131nan ve sekt\u00f6rde g\u00fcvenilirli\u011fi ile \u00f6ne \u00e7\u0131kan bir marka konumuna ula\u015fm\u0131\u015f bulunmaktay\u0131z.Rekabet\u00e7i ve verimli \u00fcretim politikam\u0131z do\u011frultusunda, alan\u0131nda uzman ekibimizle [&hellip;]<\/p>\n","protected":false},"author":1,"featured_media":0,"parent":0,"menu_order":0,"comment_status":"closed","ping_status":"closed","template":"","meta":{"footnotes":""},"class_list":["post-102","page","type-page","status-publish","hentry"],"_links":{"self":[{"href":"https:\/\/bloway.com.tr\/index.php?rest_route=\/wp\/v2\/pages\/102","targetHints":{"allow":["GET"]}}],"collection":[{"href":"https:\/\/bloway.com.tr\/index.php?rest_route=\/wp\/v2\/pages"}],"about":[{"href":"https:\/\/bloway.com.tr\/index.php?rest_route=\/wp\/v2\/types\/page"}],"author":[{"embeddable":true,"href":"https:\/\/bloway.com.tr\/index.php?rest_route=\/wp\/v2\/users\/1"}],"replies":[{"embeddable":true,"href":"https:\/\/bloway.com.tr\/index.php?rest_route=%2Fwp%2Fv2%2Fcomments&post=102"}],"version-history":[{"count":13,"href":"https:\/\/bloway.com.tr\/index.php?rest_route=\/wp\/v2\/pages\/102\/revisions"}],"predecessor-version":[{"id":357,"href":"https:\/\/bloway.com.tr\/index.php?rest_route=\/wp\/v2\/pages\/102\/revisions\/357"}],"wp:attachment":[{"href":"https:\/\/bloway.com.tr\/index.php?rest_route=%2Fwp%2Fv2%2Fmedia&parent=102"}],"curies":[{"name":"wp","href":"https:\/\/api.w.org\/{rel}","templated":true}]}}