{"id":104,"date":"2025-02-11T16:18:13","date_gmt":"2025-02-11T13:18:13","guid":{"rendered":"http:\/\/localhost\/bloway\/?page_id=104"},"modified":"2025-06-10T12:58:30","modified_gmt":"2025-06-10T09:58:30","slug":"urunlerimiz","status":"publish","type":"page","link":"https:\/\/bloway.com.tr\/?page_id=104","title":{"rendered":"\u00dcr\u00fcnlerimiz"},"content":{"rendered":"\n<div class=\"wp-block-columns is-layout-flex wp-container-core-columns-is-layout-9d6595d7 wp-block-columns-is-layout-flex\">\n<div class=\"wp-block-column is-layout-flow wp-block-column-is-layout-flow\"><div class=\"wp-block-image is-style-rounded\">\n<figure class=\"aligncenter size-large\"><a href=\"https:\/\/bloway.com.tr\/?page_id=206\"><img loading=\"lazy\" decoding=\"async\" width=\"1024\" height=\"563\" src=\"https:\/\/bloway.com.tr\/wp-content\/uploads\/2025\/02\/Basliksiz-444-1-1024x563.gif\" alt=\"\" class=\"wp-image-301\" srcset=\"https:\/\/bloway.com.tr\/wp-content\/uploads\/2025\/02\/Basliksiz-444-1-1024x563.gif 1024w, https:\/\/bloway.com.tr\/wp-content\/uploads\/2025\/02\/Basliksiz-444-1-300x165.gif 300w, https:\/\/bloway.com.tr\/wp-content\/uploads\/2025\/02\/Basliksiz-444-1-768x423.gif 768w\" sizes=\"auto, (max-width: 1024px) 100vw, 1024px\" \/><\/a><figcaption class=\"wp-element-caption\"><strong>0,25-1,5Lt. \u015ei\u015firme Makinas\u0131<\/strong><\/figcaption><\/figure>\n<\/div><\/div>\n\n\n\n<div class=\"wp-block-column is-layout-flow wp-block-column-is-layout-flow\"><div class=\"wp-block-image\">\n<figure class=\"aligncenter size-large\"><a href=\"https:\/\/bloway.com.tr\/?page_id=201\"><img loading=\"lazy\" decoding=\"async\" width=\"1024\" height=\"563\" src=\"https:\/\/bloway.com.tr\/wp-content\/uploads\/2025\/02\/Basliksiz-444-1-1024x563.gif\" alt=\"\" class=\"wp-image-301\" srcset=\"https:\/\/bloway.com.tr\/wp-content\/uploads\/2025\/02\/Basliksiz-444-1-1024x563.gif 1024w, https:\/\/bloway.com.tr\/wp-content\/uploads\/2025\/02\/Basliksiz-444-1-300x165.gif 300w, https:\/\/bloway.com.tr\/wp-content\/uploads\/2025\/02\/Basliksiz-444-1-768x423.gif 768w\" sizes=\"auto, (max-width: 1024px) 100vw, 1024px\" \/><\/a><figcaption class=\"wp-element-caption\"><strong>5 Lt. \u015ei\u015firme Makinas\u0131<\/strong><\/figcaption><\/figure>\n<\/div><\/div>\n\n\n\n<div class=\"wp-block-column is-layout-flow wp-block-column-is-layout-flow\"><div class=\"wp-block-image\">\n<figure class=\"aligncenter size-large\"><a href=\"https:\/\/bloway.com.tr\/?page_id=232\"><img loading=\"lazy\" decoding=\"async\" width=\"1024\" height=\"563\" src=\"https:\/\/bloway.com.tr\/wp-content\/uploads\/2025\/02\/Basliksiz-444-1-1024x563.gif\" alt=\"\" class=\"wp-image-301\" srcset=\"https:\/\/bloway.com.tr\/wp-content\/uploads\/2025\/02\/Basliksiz-444-1-1024x563.gif 1024w, https:\/\/bloway.com.tr\/wp-content\/uploads\/2025\/02\/Basliksiz-444-1-300x165.gif 300w, https:\/\/bloway.com.tr\/wp-content\/uploads\/2025\/02\/Basliksiz-444-1-768x423.gif 768w\" sizes=\"auto, (max-width: 1024px) 100vw, 1024px\" \/><\/a><figcaption class=\"wp-element-caption\"><strong><strong>5-10Lt. \u015ei\u015firme Makinas\u0131<\/strong><\/strong><\/figcaption><\/figure>\n<\/div><\/div>\n<\/div>\n\n\n\n<hr class=\"wp-block-separator has-alpha-channel-opacity\"\/>\n\n\n\n<div class=\"wp-block-columns is-layout-flex wp-container-core-columns-is-layout-9d6595d7 wp-block-columns-is-layout-flex\">\n<div class=\"wp-block-column is-layout-flow wp-block-column-is-layout-flow\"><div class=\"wp-block-image\">\n<figure class=\"aligncenter size-large\"><a href=\"https:\/\/bloway.com.tr\/?page_id=194\"><img loading=\"lazy\" decoding=\"async\" width=\"1024\" height=\"563\" src=\"https:\/\/bloway.com.tr\/wp-content\/uploads\/2025\/02\/Basliksiz-444-1-1024x563.gif\" alt=\"\" class=\"wp-image-301\" srcset=\"https:\/\/bloway.com.tr\/wp-content\/uploads\/2025\/02\/Basliksiz-444-1-1024x563.gif 1024w, https:\/\/bloway.com.tr\/wp-content\/uploads\/2025\/02\/Basliksiz-444-1-300x165.gif 300w, https:\/\/bloway.com.tr\/wp-content\/uploads\/2025\/02\/Basliksiz-444-1-768x423.gif 768w\" sizes=\"auto, (max-width: 1024px) 100vw, 1024px\" \/><\/a><figcaption class=\"wp-element-caption\"><strong>15-19 lt. \u015ei\u015firme Makinas\u0131<\/strong><\/figcaption><\/figure>\n<\/div><\/div>\n\n\n\n<div class=\"wp-block-column is-layout-flow wp-block-column-is-layout-flow\"><div class=\"wp-block-image\">\n<figure class=\"aligncenter size-large\"><a href=\"https:\/\/bloway.com.tr\/?page_id=208\"><img loading=\"lazy\" decoding=\"async\" width=\"1024\" height=\"563\" src=\"https:\/\/bloway.com.tr\/wp-content\/uploads\/2025\/02\/Basliksiz-444-1-1024x563.gif\" alt=\"\" class=\"wp-image-301\" srcset=\"https:\/\/bloway.com.tr\/wp-content\/uploads\/2025\/02\/Basliksiz-444-1-1024x563.gif 1024w, https:\/\/bloway.com.tr\/wp-content\/uploads\/2025\/02\/Basliksiz-444-1-300x165.gif 300w, https:\/\/bloway.com.tr\/wp-content\/uploads\/2025\/02\/Basliksiz-444-1-768x423.gif 768w\" sizes=\"auto, (max-width: 1024px) 100vw, 1024px\" \/><\/a><figcaption class=\"wp-element-caption\"><strong>Geni\u015f A\u011f\u0131z Kavanoz \u015ei\u015firme Makinas\u0131<\/strong><\/figcaption><\/figure>\n<\/div><\/div>\n\n\n\n<div class=\"wp-block-column is-layout-flow wp-block-column-is-layout-flow\"><div class=\"wp-block-image\">\n<figure class=\"aligncenter size-large\"><a href=\"https:\/\/bloway.com.tr\/?page_id=250\"><img loading=\"lazy\" decoding=\"async\" width=\"1024\" height=\"563\" src=\"https:\/\/bloway.com.tr\/wp-content\/uploads\/2025\/02\/Basliksiz-22212-1-1024x563.gif\" alt=\"\" class=\"wp-image-291\" srcset=\"https:\/\/bloway.com.tr\/wp-content\/uploads\/2025\/02\/Basliksiz-22212-1-1024x563.gif 1024w, https:\/\/bloway.com.tr\/wp-content\/uploads\/2025\/02\/Basliksiz-22212-1-300x165.gif 300w, https:\/\/bloway.com.tr\/wp-content\/uploads\/2025\/02\/Basliksiz-22212-1-768x423.gif 768w\" sizes=\"auto, (max-width: 1024px) 100vw, 1024px\" \/><\/a><figcaption class=\"wp-element-caption\"><strong>Paletleme Sistemi<\/strong><\/figcaption><\/figure>\n<\/div><\/div>\n<\/div>\n","protected":false},"excerpt":{"rendered":"","protected":false},"author":1,"featured_media":0,"parent":0,"menu_order":0,"comment_status":"closed","ping_status":"closed","template":"","meta":{"footnotes":""},"class_list":["post-104","page","type-page","status-publish","hentry"],"_links":{"self":[{"href":"https:\/\/bloway.com.tr\/index.php?rest_route=\/wp\/v2\/pages\/104","targetHints":{"allow":["GET"]}}],"collection":[{"href":"https:\/\/bloway.com.tr\/index.php?rest_route=\/wp\/v2\/pages"}],"about":[{"href":"https:\/\/bloway.com.tr\/index.php?rest_route=\/wp\/v2\/types\/page"}],"author":[{"embeddable":true,"href":"https:\/\/bloway.com.tr\/index.php?rest_route=\/wp\/v2\/users\/1"}],"replies":[{"embeddable":true,"href":"https:\/\/bloway.com.tr\/index.php?rest_route=%2Fwp%2Fv2%2Fcomments&post=104"}],"version-history":[{"count":11,"href":"https:\/\/bloway.com.tr\/index.php?rest_route=\/wp\/v2\/pages\/104\/revisions"}],"predecessor-version":[{"id":377,"href":"https:\/\/bloway.com.tr\/index.php?rest_route=\/wp\/v2\/pages\/104\/revisions\/377"}],"wp:attachment":[{"href":"https:\/\/bloway.com.tr\/index.php?rest_route=%2Fwp%2Fv2%2Fmedia&parent=104"}],"curies":[{"name":"wp","href":"https:\/\/api.w.org\/{rel}","templated":true}]}}