{"id":106,"date":"2025-02-11T16:18:29","date_gmt":"2025-02-11T13:18:29","guid":{"rendered":"http:\/\/localhost\/bloway\/?page_id=106"},"modified":"2025-06-04T17:14:07","modified_gmt":"2025-06-04T14:14:07","slug":"e-katalog","status":"publish","type":"page","link":"https:\/\/bloway.com.tr\/?page_id=106","title":{"rendered":"E-Katalog"},"content":{"rendered":"\n<div data-wp-interactive=\"core\/file\" class=\"wp-block-file\"><object data-wp-bind--hidden=\"!state.hasPdfPreview\" hidden class=\"wp-block-file__embed\" data=\"https:\/\/bloway.com.tr\/wp-content\/uploads\/2025\/02\/bloway_insert-2.pdf\" type=\"application\/pdf\" style=\"width:100%;height:600px\" aria-label=\"bloway_insert (2) g\u00f6m\u00fcs\u00fc.\"><\/object><a id=\"wp-block-file--media-e2ef43a9-5fcf-4ea4-b5f9-1641b7832d5a\" href=\"https:\/\/bloway.com.tr\/wp-content\/uploads\/2025\/02\/bloway_insert-2.pdf\">bloway_insert (2)<\/a><a href=\"https:\/\/bloway.com.tr\/wp-content\/uploads\/2025\/02\/bloway_insert-2.pdf\" class=\"wp-block-file__button wp-element-button\" download aria-describedby=\"wp-block-file--media-e2ef43a9-5fcf-4ea4-b5f9-1641b7832d5a\">\u0130ndir<\/a><\/div>\n\n\n\n<p><\/p>\n","protected":false},"excerpt":{"rendered":"","protected":false},"author":1,"featured_media":0,"parent":0,"menu_order":0,"comment_status":"closed","ping_status":"closed","template":"","meta":{"footnotes":""},"class_list":["post-106","page","type-page","status-publish","hentry"],"_links":{"self":[{"href":"https:\/\/bloway.com.tr\/index.php?rest_route=\/wp\/v2\/pages\/106","targetHints":{"allow":["GET"]}}],"collection":[{"href":"https:\/\/bloway.com.tr\/index.php?rest_route=\/wp\/v2\/pages"}],"about":[{"href":"https:\/\/bloway.com.tr\/index.php?rest_route=\/wp\/v2\/types\/page"}],"author":[{"embeddable":true,"href":"https:\/\/bloway.com.tr\/index.php?rest_route=\/wp\/v2\/users\/1"}],"replies":[{"embeddable":true,"href":"https:\/\/bloway.com.tr\/index.php?rest_route=%2Fwp%2Fv2%2Fcomments&post=106"}],"version-history":[{"count":4,"href":"https:\/\/bloway.com.tr\/index.php?rest_route=\/wp\/v2\/pages\/106\/revisions"}],"predecessor-version":[{"id":351,"href":"https:\/\/bloway.com.tr\/index.php?rest_route=\/wp\/v2\/pages\/106\/revisions\/351"}],"wp:attachment":[{"href":"https:\/\/bloway.com.tr\/index.php?rest_route=%2Fwp%2Fv2%2Fmedia&parent=106"}],"curies":[{"name":"wp","href":"https:\/\/api.w.org\/{rel}","templated":true}]}}