{"id":194,"date":"2025-02-13T16:50:47","date_gmt":"2025-02-13T13:50:47","guid":{"rendered":"http:\/\/localhost\/bloway\/?page_id=194"},"modified":"2025-06-04T17:06:28","modified_gmt":"2025-06-04T14:06:28","slug":"15-19-lt-sisirme-makinasi","status":"publish","type":"page","link":"https:\/\/bloway.com.tr\/?page_id=194","title":{"rendered":"15-19 lt. \u015ei\u015firme Makinas\u0131"},"content":{"rendered":"\n<figure class=\"wp-block-gallery has-nested-images columns-default is-cropped wp-block-gallery-1 is-layout-flex wp-block-gallery-is-layout-flex\">\n<figure class=\"wp-block-image size-full\"><img loading=\"lazy\" decoding=\"async\" width=\"1243\" height=\"684\" data-id=\"301\" src=\"https:\/\/bloway.com.tr\/wp-content\/uploads\/2025\/02\/Basliksiz-444-1.gif\" alt=\"\" class=\"wp-image-301\"\/><\/figure>\n<\/figure>\n\n\n\n<hr class=\"wp-block-separator has-alpha-channel-opacity\"\/>\n\n\n\n<figure class=\"wp-block-table\"><table class=\"has-fixed-layout\"><tbody><tr><td>Tip\/Type<\/td><td class=\"has-text-align-center\" data-align=\"center\">BWAY-1 \/ 15-19<\/td><td class=\"has-text-align-center\" data-align=\"center\">BWAY-2 \/ 15-19<\/td><\/tr><tr><td><strong>Kal\u0131p Say\u0131s\u0131<\/strong><br><em>Number of cavities<\/em><\/td><td class=\"has-text-align-center\" data-align=\"center\">1<\/td><td class=\"has-text-align-center\" data-align=\"center\">2<\/td><\/tr><tr><td><strong>\u015ei\u015fe Kapasitesi<\/strong><br><em>Bottle capacity<\/em><\/td><td class=\"has-text-align-center\" data-align=\"center\">15lt. &#8211; 19 lt.<\/td><td class=\"has-text-align-center\" data-align=\"center\">15lt. &#8211; 19 lt.<\/td><\/tr><tr><td><strong>Maks.\u015ei\u015fe \u00c7ap\u0131<\/strong><br><em>Max.Body diameter<\/em><\/td><td class=\"has-text-align-center\" data-align=\"center\">260mm.<\/td><td class=\"has-text-align-center\" data-align=\"center\">260mm.<\/td><\/tr><tr><td><strong>Maks.\u015ei\u015fe Y\u00fcksekli\u011fi <\/strong><br><em>Max.Body Height<\/em><\/td><td class=\"has-text-align-center\" data-align=\"center\">460mm.<\/td><td class=\"has-text-align-center\" data-align=\"center\">460mm.<\/td><\/tr><tr><td><strong>Maks.Bo\u011faz \u00c7ap\u0131<\/strong><br><em>Max.Neck Diameter<\/em><\/td><td class=\"has-text-align-center\" data-align=\"center\">55mm.<\/td><td class=\"has-text-align-center\" data-align=\"center\">55mm.<\/td><\/tr><tr><td><strong>Maks.\u00dcretim Kapasitesi<\/strong><br><em>Max.Nominal Output<\/em><\/td><td class=\"has-text-align-center\" data-align=\"center\">700Adet\/Saat<br><em>700 bph<\/em><\/td><td class=\"has-text-align-center\" data-align=\"center\">1250Adet\/Saat<br><em>1250 bph<\/em><\/td><\/tr><\/tbody><\/table><\/figure>\n\n\n\n<hr class=\"wp-block-separator has-alpha-channel-opacity\"\/>\n\n\n\n<ul class=\"wp-block-list\">\n<li><strong>Preform Yolu<\/strong> \/ <em>Preform Feeding<\/em><\/li>\n\n\n\n<li><strong>Y\u00fcksek Bas\u0131n\u00e7 Sistemi<\/strong> \/ <em>High Pressure System<\/em><\/li>\n\n\n\n<li><strong>Otomatik Preform Besleme<\/strong> \/ <em>Automated Preform Feeding<\/em><\/li>\n\n\n\n<li><strong>Servo kontroll\u00fc Mengene Sistemi<\/strong> \/<em> Servo Controlled Clamping System<\/em><\/li>\n\n\n\n<li><strong>Manip\u00fclat\u00f6r<\/strong> \/ <em>Manipulator<\/em><\/li>\n\n\n\n<li><strong>Preform Transfer Sistemi<\/strong> \/ <em>Preform Transfer System<\/em><\/li>\n<\/ul>\n\n\n\n<hr class=\"wp-block-separator has-alpha-channel-opacity\"\/>\n\n\n\n<div class=\"wp-block-group is-layout-grid wp-container-core-group-is-layout-9649a0d9 wp-block-group-is-layout-grid\">\n<figure class=\"wp-block-gallery has-nested-images columns-default is-cropped wp-block-gallery-2 is-layout-flex wp-block-gallery-is-layout-flex\">\n<figure class=\"wp-block-image size-full\"><img loading=\"lazy\" decoding=\"async\" width=\"619\" height=\"766\" data-id=\"242\" src=\"https:\/\/bloway.com.tr\/wp-content\/uploads\/2025\/02\/Basliksiz-66666.gif\" alt=\"\" class=\"wp-image-242\"\/><\/figure>\n<\/figure>\n\n\n\n<figure class=\"wp-block-gallery has-nested-images columns-default is-cropped wp-block-gallery-3 is-layout-flex wp-block-gallery-is-layout-flex\">\n<figure class=\"wp-block-image size-full\"><img loading=\"lazy\" decoding=\"async\" width=\"619\" height=\"766\" data-id=\"241\" src=\"https:\/\/bloway.com.tr\/wp-content\/uploads\/2025\/02\/Basliksiz-6666.gif\" alt=\"\" class=\"wp-image-241\"\/><\/figure>\n<\/figure>\n\n\n\n<figure class=\"wp-block-gallery has-nested-images columns-default is-cropped wp-block-gallery-4 is-layout-flex wp-block-gallery-is-layout-flex\">\n<figure class=\"wp-block-image size-full\"><img loading=\"lazy\" decoding=\"async\" width=\"619\" height=\"766\" data-id=\"240\" src=\"https:\/\/bloway.com.tr\/wp-content\/uploads\/2025\/02\/Basliksiz-666.gif\" alt=\"\" class=\"wp-image-240\"\/><\/figure>\n<\/figure>\n\n\n\n<figure class=\"wp-block-gallery has-nested-images columns-default is-cropped wp-block-gallery-5 is-layout-flex wp-block-gallery-is-layout-flex\">\n<figure class=\"wp-block-image size-full\"><img loading=\"lazy\" decoding=\"async\" width=\"619\" height=\"766\" data-id=\"239\" src=\"https:\/\/bloway.com.tr\/wp-content\/uploads\/2025\/02\/Basliksiz-66.gif\" alt=\"\" class=\"wp-image-239\"\/><\/figure>\n<\/figure>\n<\/div>\n","protected":false},"excerpt":{"rendered":"<p>Tip\/Type BWAY-1 \/ 15-19 BWAY-2 \/ 15-19 Kal\u0131p Say\u0131s\u0131Number of cavities 1 2 \u015ei\u015fe KapasitesiBottle capacity 15lt. &#8211; 19 lt. 15lt. &#8211; 19 lt. Maks.\u015ei\u015fe \u00c7ap\u0131Max.Body diameter 260mm. 260mm. Maks.\u015ei\u015fe Y\u00fcksekli\u011fi Max.Body Height 460mm. 460mm. Maks.Bo\u011faz \u00c7ap\u0131Max.Neck Diameter 55mm. 55mm. Maks.\u00dcretim KapasitesiMax.Nominal Output 700Adet\/Saat700 bph 1250Adet\/Saat1250 bph<\/p>\n","protected":false},"author":1,"featured_media":0,"parent":0,"menu_order":0,"comment_status":"closed","ping_status":"closed","template":"","meta":{"footnotes":""},"class_list":["post-194","page","type-page","status-publish","hentry"],"_links":{"self":[{"href":"https:\/\/bloway.com.tr\/index.php?rest_route=\/wp\/v2\/pages\/194","targetHints":{"allow":["GET"]}}],"collection":[{"href":"https:\/\/bloway.com.tr\/index.php?rest_route=\/wp\/v2\/pages"}],"about":[{"href":"https:\/\/bloway.com.tr\/index.php?rest_route=\/wp\/v2\/types\/page"}],"author":[{"embeddable":true,"href":"https:\/\/bloway.com.tr\/index.php?rest_route=\/wp\/v2\/users\/1"}],"replies":[{"embeddable":true,"href":"https:\/\/bloway.com.tr\/index.php?rest_route=%2Fwp%2Fv2%2Fcomments&post=194"}],"version-history":[{"count":9,"href":"https:\/\/bloway.com.tr\/index.php?rest_route=\/wp\/v2\/pages\/194\/revisions"}],"predecessor-version":[{"id":342,"href":"https:\/\/bloway.com.tr\/index.php?rest_route=\/wp\/v2\/pages\/194\/revisions\/342"}],"wp:attachment":[{"href":"https:\/\/bloway.com.tr\/index.php?rest_route=%2Fwp%2Fv2%2Fmedia&parent=194"}],"curies":[{"name":"wp","href":"https:\/\/api.w.org\/{rel}","templated":true}]}}