{"id":201,"date":"2025-02-13T17:18:02","date_gmt":"2025-02-13T14:18:02","guid":{"rendered":"http:\/\/localhost\/bloway\/?page_id=201"},"modified":"2025-06-04T17:06:55","modified_gmt":"2025-06-04T14:06:55","slug":"5-lt-sisirme-makinasi","status":"publish","type":"page","link":"https:\/\/bloway.com.tr\/?page_id=201","title":{"rendered":"5 Lt. \u015ei\u015firme Makinas\u0131"},"content":{"rendered":"\n<figure class=\"wp-block-gallery has-nested-images columns-default is-cropped wp-block-gallery-1 is-layout-flex wp-block-gallery-is-layout-flex\">\n<figure class=\"wp-block-image size-full\"><img loading=\"lazy\" decoding=\"async\" width=\"1243\" height=\"684\" data-id=\"301\" src=\"https:\/\/bloway.com.tr\/wp-content\/uploads\/2025\/02\/Basliksiz-444-1.gif\" alt=\"\" class=\"wp-image-301\"\/><\/figure>\n<\/figure>\n\n\n\n<hr class=\"wp-block-separator has-alpha-channel-opacity\"\/>\n\n\n\n<figure class=\"wp-block-table\"><table class=\"has-fixed-layout\"><tbody><tr><td><strong>Tip<\/strong><br><em>Type<\/em><\/td><td class=\"has-text-align-center\" data-align=\"center\">BWAY-4\/5<\/td><\/tr><tr><td><strong>Kal\u0131p Say\u0131s\u0131<\/strong><br><em>Number of Cavities<\/em><\/td><td class=\"has-text-align-center\" data-align=\"center\">4<\/td><\/tr><tr><td><strong>\u015ei\u015fe Kapasitesi<\/strong><br><em>Bottle Capacity<\/em><\/td><td class=\"has-text-align-center\" data-align=\"center\">5Lt.<\/td><\/tr><tr><td><strong>Maks.\u015ei\u015fe \u00c7ap\u0131<\/strong><br><em>Max. Body Diameter<\/em><\/td><td class=\"has-text-align-center\" data-align=\"center\">280mm<\/td><\/tr><tr><td><strong>Maks.\u015ei\u015fe Y\u00fcksekli\u011fi<\/strong><br><em>Max.Body Height<\/em><\/td><td class=\"has-text-align-center\" data-align=\"center\">340mm<\/td><\/tr><tr><td><strong>Maks.Bo\u011faz \u00c7ap\u0131<\/strong><br><em>Max.Neck Diameter<\/em><\/td><td class=\"has-text-align-center\" data-align=\"center\">38mm-48mm<\/td><\/tr><tr><td><strong>Maks.\u00dcretim Kapasitesi<\/strong><br><em>Max.Nominal Output<\/em><\/td><td class=\"has-text-align-center\" data-align=\"center\">4800 Adet\/Saat<br><em>4800 bph<\/em><\/td><\/tr><\/tbody><\/table><\/figure>\n\n\n\n<hr class=\"wp-block-separator has-alpha-channel-opacity\"\/>\n\n\n\n<ul class=\"wp-block-list\">\n<li><strong>Geri Kazan\u0131ml\u0131 Y\u00fcksek Bas\u0131n\u00e7 Sistemi<\/strong> \/ <em>Power Saving High Pressure System<\/em><\/li>\n\n\n\n<li><strong>Y\u00fcksek Verimli Su So\u011futmal\u0131 IR F\u0131r\u0131n<\/strong> \/  <em>High Efficient Water Colled Infrared Oven<\/em><\/li>\n\n\n\n<li><strong>Mengene Grubu<\/strong> \/ <em>Clamping Unit<\/em><\/li>\n\n\n\n<li><strong>Manipilat\u00f6r<\/strong>  \/ <em>Manipulator<\/em><\/li>\n\n\n\n<li><strong>\u00c7\u0131k\u0131\u015f Konvey\u00f6r\u00fc<\/strong> \/ <em>Exit Transfer System<\/em><\/li>\n<\/ul>\n\n\n\n<hr class=\"wp-block-separator has-alpha-channel-opacity\"\/>\n\n\n\n<div class=\"wp-block-group is-layout-grid wp-container-core-group-is-layout-9649a0d9 wp-block-group-is-layout-grid\">\n<figure class=\"wp-block-gallery has-nested-images columns-default is-cropped wp-block-gallery-2 is-layout-flex wp-block-gallery-is-layout-flex\">\n<figure class=\"wp-block-image size-full\"><img loading=\"lazy\" decoding=\"async\" width=\"619\" height=\"766\" data-id=\"225\" src=\"https:\/\/bloway.com.tr\/wp-content\/uploads\/2025\/02\/Basliksiz-7.gif\" alt=\"\" class=\"wp-image-225\"\/><\/figure>\n<\/figure>\n\n\n\n<figure class=\"wp-block-gallery has-nested-images columns-default is-cropped wp-block-gallery-3 is-layout-flex wp-block-gallery-is-layout-flex\">\n<figure class=\"wp-block-image size-full\"><img loading=\"lazy\" decoding=\"async\" width=\"619\" height=\"766\" data-id=\"224\" src=\"https:\/\/bloway.com.tr\/wp-content\/uploads\/2025\/02\/Basliksiz-6.gif\" alt=\"\" class=\"wp-image-224\"\/><\/figure>\n<\/figure>\n\n\n\n<figure class=\"wp-block-gallery has-nested-images columns-default is-cropped wp-block-gallery-4 is-layout-flex wp-block-gallery-is-layout-flex\">\n<figure class=\"wp-block-image size-full\"><img loading=\"lazy\" decoding=\"async\" width=\"619\" height=\"766\" data-id=\"223\" src=\"https:\/\/bloway.com.tr\/wp-content\/uploads\/2025\/02\/Basliksiz-5-1.gif\" alt=\"\" class=\"wp-image-223\"\/><\/figure>\n<\/figure>\n\n\n\n<figure class=\"wp-block-gallery has-nested-images columns-default is-cropped wp-block-gallery-5 is-layout-flex wp-block-gallery-is-layout-flex\">\n<figure class=\"wp-block-image size-full\"><img loading=\"lazy\" decoding=\"async\" width=\"619\" height=\"766\" data-id=\"222\" src=\"https:\/\/bloway.com.tr\/wp-content\/uploads\/2025\/02\/Basliksiz-4-1.gif\" alt=\"\" class=\"wp-image-222\"\/><\/figure>\n<\/figure>\n<\/div>\n","protected":false},"excerpt":{"rendered":"<p>TipType BWAY-4\/5 Kal\u0131p Say\u0131s\u0131Number of Cavities 4 \u015ei\u015fe KapasitesiBottle Capacity 5Lt. Maks.\u015ei\u015fe \u00c7ap\u0131Max. Body Diameter 280mm Maks.\u015ei\u015fe Y\u00fcksekli\u011fiMax.Body Height 340mm Maks.Bo\u011faz \u00c7ap\u0131Max.Neck Diameter 38mm-48mm Maks.\u00dcretim KapasitesiMax.Nominal Output 4800 Adet\/Saat4800 bph<\/p>\n","protected":false},"author":1,"featured_media":0,"parent":0,"menu_order":0,"comment_status":"closed","ping_status":"closed","template":"","meta":{"footnotes":""},"class_list":["post-201","page","type-page","status-publish","hentry"],"_links":{"self":[{"href":"https:\/\/bloway.com.tr\/index.php?rest_route=\/wp\/v2\/pages\/201","targetHints":{"allow":["GET"]}}],"collection":[{"href":"https:\/\/bloway.com.tr\/index.php?rest_route=\/wp\/v2\/pages"}],"about":[{"href":"https:\/\/bloway.com.tr\/index.php?rest_route=\/wp\/v2\/types\/page"}],"author":[{"embeddable":true,"href":"https:\/\/bloway.com.tr\/index.php?rest_route=\/wp\/v2\/users\/1"}],"replies":[{"embeddable":true,"href":"https:\/\/bloway.com.tr\/index.php?rest_route=%2Fwp%2Fv2%2Fcomments&post=201"}],"version-history":[{"count":7,"href":"https:\/\/bloway.com.tr\/index.php?rest_route=\/wp\/v2\/pages\/201\/revisions"}],"predecessor-version":[{"id":343,"href":"https:\/\/bloway.com.tr\/index.php?rest_route=\/wp\/v2\/pages\/201\/revisions\/343"}],"wp:attachment":[{"href":"https:\/\/bloway.com.tr\/index.php?rest_route=%2Fwp%2Fv2%2Fmedia&parent=201"}],"curies":[{"name":"wp","href":"https:\/\/api.w.org\/{rel}","templated":true}]}}