{"id":206,"date":"2025-02-14T08:07:23","date_gmt":"2025-02-14T05:07:23","guid":{"rendered":"http:\/\/localhost\/bloway\/?page_id=206"},"modified":"2025-06-04T17:05:56","modified_gmt":"2025-06-04T14:05:56","slug":"025-15lt-sisirme-makinasi","status":"publish","type":"page","link":"https:\/\/bloway.com.tr\/?page_id=206","title":{"rendered":"0,25-1,5Lt. \u015ei\u015firme Makinas\u0131"},"content":{"rendered":"\n<figure class=\"wp-block-gallery has-nested-images columns-default is-cropped wp-block-gallery-1 is-layout-flex wp-block-gallery-is-layout-flex\">\n<figure class=\"wp-block-image size-full\"><img loading=\"lazy\" decoding=\"async\" width=\"1243\" height=\"684\" data-id=\"301\" src=\"https:\/\/bloway.com.tr\/wp-content\/uploads\/2025\/02\/Basliksiz-444-1.gif\" alt=\"\" class=\"wp-image-301\"\/><\/figure>\n<\/figure>\n\n\n\n<hr class=\"wp-block-separator has-alpha-channel-opacity\"\/>\n\n\n\n<figure class=\"wp-block-table\"><table class=\"has-fixed-layout\"><tbody><tr><td><strong>Tip<\/strong><br><em>Type<\/em><\/td><td>BWAY-4 \/ 0,25-1,5<\/td><td>BWAY-4 \/ 0,25-1,5<\/td><\/tr><tr><td><strong>Kal\u0131p Say\u0131s\u0131<\/strong><br><em>Number of Cavities<\/em><\/td><td>4<\/td><td>9<\/td><\/tr><tr><td><strong>\u015ei\u015fe Kapasitesi<\/strong><br><em>Bottle Capacity<\/em><\/td><td>0,25 Lt.-1,5 Lt.<\/td><td>0,25 Lt.-1,5 Lt.<\/td><\/tr><tr><td><strong>Maks.\u015ei\u015fe <\/strong>\u00c7ap\u0131<br><em>Max. Body Daimeter<\/em><\/td><td>90mm<\/td><td>90mm<\/td><\/tr><tr><td><strong>Maks.\u015ei\u015fe Y\u00fcksekli\u011fi<\/strong><br><em>Max. Body Height<\/em><\/td><td>320mm<\/td><td>320mm<\/td><\/tr><tr><td><strong>Maxs. Bo\u011faz \u00c7ap<\/strong>\u0131<br><em>Max. Neck Daimeter<\/em><\/td><td>38mm<\/td><td>38mm<\/td><\/tr><tr><td><strong>Maks. \u00dcretim Kapasitesi<\/strong><br><em>Max. Nominal Output<\/em><\/td><td>6000 Adet \/ Saat<br><em>6000 bph<\/em><\/td><td>12000 Adet \/ Saat<br><em>12000 bph<\/em><\/td><\/tr><\/tbody><\/table><\/figure>\n\n\n\n<hr class=\"wp-block-separator has-alpha-channel-opacity\"\/>\n\n\n\n<ul class=\"wp-block-list\">\n<li><strong>Preform Yolu<\/strong>&nbsp;\/&nbsp;<em>Preform Feeding<\/em><\/li>\n\n\n\n<li><strong>Y\u00fcksek Bas\u0131n\u00e7 Sistemi<\/strong>&nbsp;\/&nbsp;<em>High Pressure System<\/em><\/li>\n\n\n\n<li><strong>Otomatik Preform Besleme<\/strong>&nbsp;\/&nbsp;<em>Automated Preform Feeding<\/em><\/li>\n\n\n\n<li><strong>Servo kontroll\u00fc Mengene Sistemi<\/strong>&nbsp;\/<em>&nbsp;Servo Controlled Clamping System<\/em><\/li>\n\n\n\n<li><strong>Manip\u00fclat\u00f6r<\/strong>&nbsp;\/&nbsp;<em>Manipulator<\/em><\/li>\n\n\n\n<li><strong>Preform Transfer Sistemi<\/strong>&nbsp;\/&nbsp;<em>Preform Transfer System<\/em><\/li>\n<\/ul>\n\n\n\n<hr class=\"wp-block-separator has-alpha-channel-opacity\"\/>\n\n\n\n<div class=\"wp-block-group is-layout-grid wp-container-core-group-is-layout-9649a0d9 wp-block-group-is-layout-grid\">\n<figure class=\"wp-block-gallery has-nested-images columns-default is-cropped wp-block-gallery-2 is-layout-flex wp-block-gallery-is-layout-flex\">\n<figure class=\"wp-block-image size-full\"><img loading=\"lazy\" decoding=\"async\" width=\"619\" height=\"766\" data-id=\"219\" src=\"https:\/\/bloway.com.tr\/wp-content\/uploads\/2025\/02\/sayfa-alti.gif\" alt=\"\" class=\"wp-image-219\"\/><\/figure>\n<\/figure>\n\n\n\n<figure class=\"wp-block-gallery has-nested-images columns-default is-cropped wp-block-gallery-3 is-layout-flex wp-block-gallery-is-layout-flex\">\n<figure class=\"wp-block-image size-full\"><img loading=\"lazy\" decoding=\"async\" width=\"619\" height=\"766\" data-id=\"218\" src=\"https:\/\/bloway.com.tr\/wp-content\/uploads\/2025\/02\/sayfa-alt3i.gif\" alt=\"\" class=\"wp-image-218\"\/><\/figure>\n<\/figure>\n\n\n\n<figure class=\"wp-block-gallery has-nested-images columns-default is-cropped wp-block-gallery-4 is-layout-flex wp-block-gallery-is-layout-flex\">\n<figure class=\"wp-block-image size-full\"><img loading=\"lazy\" decoding=\"async\" width=\"619\" height=\"766\" data-id=\"217\" src=\"https:\/\/bloway.com.tr\/wp-content\/uploads\/2025\/02\/sayfa-alt2i.gif\" alt=\"\" class=\"wp-image-217\"\/><\/figure>\n<\/figure>\n\n\n\n<figure class=\"wp-block-gallery has-nested-images columns-default is-cropped wp-block-gallery-5 is-layout-flex wp-block-gallery-is-layout-flex\">\n<figure class=\"wp-block-image size-full\"><img loading=\"lazy\" decoding=\"async\" width=\"619\" height=\"766\" data-id=\"216\" src=\"https:\/\/bloway.com.tr\/wp-content\/uploads\/2025\/02\/sayfa-alt1i.gif\" alt=\"\" class=\"wp-image-216\"\/><\/figure>\n<\/figure>\n<\/div>\n\n\n\n<p><\/p>\n","protected":false},"excerpt":{"rendered":"<p>TipType BWAY-4 \/ 0,25-1,5 BWAY-4 \/ 0,25-1,5 Kal\u0131p Say\u0131s\u0131Number of Cavities 4 9 \u015ei\u015fe KapasitesiBottle Capacity 0,25 Lt.-1,5 Lt. 0,25 Lt.-1,5 Lt. Maks.\u015ei\u015fe \u00c7ap\u0131Max. Body Daimeter 90mm 90mm Maks.\u015ei\u015fe Y\u00fcksekli\u011fiMax. Body Height 320mm 320mm Maxs. Bo\u011faz \u00c7ap\u0131Max. Neck Daimeter 38mm 38mm Maks. \u00dcretim KapasitesiMax. Nominal Output 6000 Adet \/ Saat6000 bph 12000 Adet \/ Saat12000 [&hellip;]<\/p>\n","protected":false},"author":1,"featured_media":0,"parent":0,"menu_order":0,"comment_status":"closed","ping_status":"closed","template":"","meta":{"footnotes":""},"class_list":["post-206","page","type-page","status-publish","hentry"],"_links":{"self":[{"href":"https:\/\/bloway.com.tr\/index.php?rest_route=\/wp\/v2\/pages\/206","targetHints":{"allow":["GET"]}}],"collection":[{"href":"https:\/\/bloway.com.tr\/index.php?rest_route=\/wp\/v2\/pages"}],"about":[{"href":"https:\/\/bloway.com.tr\/index.php?rest_route=\/wp\/v2\/types\/page"}],"author":[{"embeddable":true,"href":"https:\/\/bloway.com.tr\/index.php?rest_route=\/wp\/v2\/users\/1"}],"replies":[{"embeddable":true,"href":"https:\/\/bloway.com.tr\/index.php?rest_route=%2Fwp%2Fv2%2Fcomments&post=206"}],"version-history":[{"count":7,"href":"https:\/\/bloway.com.tr\/index.php?rest_route=\/wp\/v2\/pages\/206\/revisions"}],"predecessor-version":[{"id":341,"href":"https:\/\/bloway.com.tr\/index.php?rest_route=\/wp\/v2\/pages\/206\/revisions\/341"}],"wp:attachment":[{"href":"https:\/\/bloway.com.tr\/index.php?rest_route=%2Fwp%2Fv2%2Fmedia&parent=206"}],"curies":[{"name":"wp","href":"https:\/\/api.w.org\/{rel}","templated":true}]}}