{"id":208,"date":"2025-02-14T08:18:46","date_gmt":"2025-02-14T05:18:46","guid":{"rendered":"http:\/\/localhost\/bloway\/?page_id=208"},"modified":"2025-06-04T17:11:13","modified_gmt":"2025-06-04T14:11:13","slug":"tam-otomatik-genis-agiz-kavanoz-sisirme-makinasi","status":"publish","type":"page","link":"https:\/\/bloway.com.tr\/?page_id=208","title":{"rendered":"Tam Otomatik Geni\u015f A\u011f\u0131z Kavanoz \u015ei\u015firme Makinas\u0131"},"content":{"rendered":"\n<figure class=\"wp-block-gallery has-nested-images columns-default is-cropped wp-block-gallery-1 is-layout-flex wp-block-gallery-is-layout-flex\">\n<figure class=\"wp-block-image size-full\"><img loading=\"lazy\" decoding=\"async\" width=\"1243\" height=\"684\" data-id=\"301\" src=\"https:\/\/bloway.com.tr\/wp-content\/uploads\/2025\/02\/Basliksiz-444-1.gif\" alt=\"\" class=\"wp-image-301\"\/><\/figure>\n<\/figure>\n\n\n\n<figure class=\"wp-block-table\"><table class=\"has-fixed-layout\"><tbody><tr><td><strong>Tip<\/strong><br><em>Type<\/em><\/td><td>WN 08-3<\/td><td><br>WN 08-5<\/td><td><br>WN 08-10<\/td><\/tr><tr><td><strong>Kal\u0131p Say\u0131s\u0131<\/strong><br><em>Number Of Cavities<\/em><\/td><td>4<\/td><td>2<\/td><td>1<\/td><\/tr><tr><td><strong>\u015ei\u015fe Kapasitesi<\/strong><br><em>Bottle Capacity<\/em><\/td><td>3Lt.<\/td><td>5Lt.<\/td><td>10Lt.<\/td><\/tr><tr><td><strong>Maks. \u015ei\u015fe \u00c7ap\u0131<\/strong><br><em>Max. Body Diameter<\/em><\/td><td>135mm<\/td><td>200mm<\/td><td>320mm<\/td><\/tr><tr><td><strong>Maks. \u015ei\u015fe Y\u00fcksekli\u011fi<\/strong><br><em>Max. Body Height<\/em><\/td><td>240mm<\/td><td>240mm<\/td><td>340mm<\/td><\/tr><tr><td><strong>Maks. Bo\u011faz \u00c7ap\u0131<\/strong><br><em>Max. Neck Diameter<\/em><\/td><td>85mm<br><em>110mm<\/em><\/td><td>85mm<br><em>110mm<\/em><\/td><td>85mm<br><em>110mm<\/em><\/td><\/tr><tr><td><strong>Maks.\u00dcretim Kapasitesi<\/strong><br><em>Max. Nominal Output<\/em><\/td><td>4000 Adet \/ Saat<br><em>4000 bph<\/em><\/td><td>2000 Adet \/ Saat<br><em>2000 bph<\/em><\/td><td>1600 Adet \/ Saat<br><em>1600 bph<\/em><\/td><\/tr><\/tbody><\/table><\/figure>\n\n\n\n<hr class=\"wp-block-separator has-alpha-channel-opacity\"\/>\n\n\n\n<ul class=\"wp-block-list\">\n<li><strong>Manip\u00fclat\u00f6r<\/strong> \/ <em>Manipulator<\/em><\/li>\n\n\n\n<li><strong>Preform \u00c7akma \u00dcnitesi<\/strong> \/ <em>Preform Gripping System<\/em><\/li>\n\n\n\n<li><strong>Geni\u015f A\u011f\u0131z Dizme Sistemi <\/strong>\/ <em>Wide Mouth sorting System<\/em><\/li>\n<\/ul>\n\n\n\n<hr class=\"wp-block-separator has-alpha-channel-opacity\"\/>\n\n\n\n<div class=\"wp-block-group is-layout-grid wp-container-core-group-is-layout-9649a0d9 wp-block-group-is-layout-grid\">\n<figure class=\"wp-block-gallery has-nested-images columns-default is-cropped wp-block-gallery-2 is-layout-flex wp-block-gallery-is-layout-flex\">\n<figure class=\"wp-block-image size-full\"><img loading=\"lazy\" decoding=\"async\" width=\"619\" height=\"766\" data-id=\"230\" src=\"https:\/\/bloway.com.tr\/wp-content\/uploads\/2025\/02\/Basliksiz-3333.gif\" alt=\"\" class=\"wp-image-230\"\/><\/figure>\n<\/figure>\n\n\n\n<figure class=\"wp-block-gallery has-nested-images columns-default is-cropped wp-block-gallery-3 is-layout-flex wp-block-gallery-is-layout-flex\">\n<figure class=\"wp-block-image size-full\"><img loading=\"lazy\" decoding=\"async\" width=\"619\" height=\"766\" data-id=\"229\" src=\"https:\/\/bloway.com.tr\/wp-content\/uploads\/2025\/02\/Basliksiz-333-1.gif\" alt=\"\" class=\"wp-image-229\"\/><\/figure>\n<\/figure>\n\n\n\n<figure class=\"wp-block-gallery has-nested-images columns-default is-cropped wp-block-gallery-4 is-layout-flex wp-block-gallery-is-layout-flex\">\n<figure class=\"wp-block-image size-full\"><img loading=\"lazy\" decoding=\"async\" width=\"619\" height=\"766\" data-id=\"228\" src=\"https:\/\/bloway.com.tr\/wp-content\/uploads\/2025\/02\/Basliksiz-33-1.gif\" alt=\"\" class=\"wp-image-228\"\/><\/figure>\n<\/figure>\n\n\n\n<figure class=\"wp-block-gallery has-nested-images columns-default is-cropped wp-block-gallery-5 is-layout-flex wp-block-gallery-is-layout-flex\">\n<figure class=\"wp-block-image size-full\"><img loading=\"lazy\" decoding=\"async\" width=\"619\" height=\"766\" data-id=\"227\" src=\"https:\/\/bloway.com.tr\/wp-content\/uploads\/2025\/02\/Basliksiz-3-2.gif\" alt=\"\" class=\"wp-image-227\"\/><\/figure>\n<\/figure>\n<\/div>\n","protected":false},"excerpt":{"rendered":"<p>TipType WN 08-3 WN 08-5 WN 08-10 Kal\u0131p Say\u0131s\u0131Number Of Cavities 4 2 1 \u015ei\u015fe KapasitesiBottle Capacity 3Lt. 5Lt. 10Lt. Maks. \u015ei\u015fe \u00c7ap\u0131Max. Body Diameter 135mm 200mm 320mm Maks. \u015ei\u015fe Y\u00fcksekli\u011fiMax. Body Height 240mm 240mm 340mm Maks. Bo\u011faz \u00c7ap\u0131Max. Neck Diameter 85mm110mm 85mm110mm 85mm110mm Maks.\u00dcretim KapasitesiMax. Nominal Output 4000 Adet \/ Saat4000 bph 2000 Adet [&hellip;]<\/p>\n","protected":false},"author":1,"featured_media":0,"parent":0,"menu_order":0,"comment_status":"closed","ping_status":"closed","template":"","meta":{"footnotes":""},"class_list":["post-208","page","type-page","status-publish","hentry"],"_links":{"self":[{"href":"https:\/\/bloway.com.tr\/index.php?rest_route=\/wp\/v2\/pages\/208","targetHints":{"allow":["GET"]}}],"collection":[{"href":"https:\/\/bloway.com.tr\/index.php?rest_route=\/wp\/v2\/pages"}],"about":[{"href":"https:\/\/bloway.com.tr\/index.php?rest_route=\/wp\/v2\/types\/page"}],"author":[{"embeddable":true,"href":"https:\/\/bloway.com.tr\/index.php?rest_route=\/wp\/v2\/users\/1"}],"replies":[{"embeddable":true,"href":"https:\/\/bloway.com.tr\/index.php?rest_route=%2Fwp%2Fv2%2Fcomments&post=208"}],"version-history":[{"count":6,"href":"https:\/\/bloway.com.tr\/index.php?rest_route=\/wp\/v2\/pages\/208\/revisions"}],"predecessor-version":[{"id":349,"href":"https:\/\/bloway.com.tr\/index.php?rest_route=\/wp\/v2\/pages\/208\/revisions\/349"}],"wp:attachment":[{"href":"https:\/\/bloway.com.tr\/index.php?rest_route=%2Fwp%2Fv2%2Fmedia&parent=208"}],"curies":[{"name":"wp","href":"https:\/\/api.w.org\/{rel}","templated":true}]}}