{"id":250,"date":"2025-02-14T09:58:45","date_gmt":"2025-02-14T06:58:45","guid":{"rendered":"http:\/\/localhost\/bloway\/?page_id=250"},"modified":"2025-06-04T17:10:45","modified_gmt":"2025-06-04T14:10:45","slug":"paletleme-sistemi","status":"publish","type":"page","link":"https:\/\/bloway.com.tr\/?page_id=250","title":{"rendered":"Paletleme Sistemi"},"content":{"rendered":"\n<figure class=\"wp-block-gallery has-nested-images columns-default is-cropped wp-block-gallery-1 is-layout-flex wp-block-gallery-is-layout-flex\">\n<figure class=\"wp-block-image size-full\"><img loading=\"lazy\" decoding=\"async\" width=\"939\" height=\"624\" data-id=\"251\" src=\"https:\/\/bloway.com.tr\/wp-content\/uploads\/2025\/02\/280x220-sagkucuk.gif\" alt=\"\" class=\"wp-image-251\"\/><\/figure>\n<\/figure>\n\n\n\n<hr class=\"wp-block-separator has-alpha-channel-opacity\"\/>\n\n\n\n<p>BLOWAY (Seviye) Paletleme Sistemi GPL1200<\/p>\n\n\n\n<p>Hat sonu \u00fcr\u00fcn\u00fcm\u00fcz <strong>Bloway Paletleme Makineleri<\/strong>, kullan\u0131c\u0131lar\u0131na kolayl\u0131k sa\u011flarken \u00fcretim kapasitesini art\u0131ran bir sistemdir. Tekli, ikili, d\u00f6rtl\u00fc ve on ikili \u00fcr\u00fcnlerin palet \u00fczerine yerle\u015ftirilmesi i\u00e7in \u00f6zel olarak tasarlanm\u0131\u015ft\u0131r. Makine, kompakt yap\u0131s\u0131 sayesinde az yer kaplar ve bak\u0131m kolayl\u0131\u011f\u0131 sunar. Gantry tipi asans\u00f6r sistemi, \u00b11 mm pozisyonlama hassasiyetine sahip olup, geli\u015fmi\u015f mekanik ve elektronik sistemlerle donat\u0131lm\u0131\u015ft\u0131r.<\/p>\n\n\n\n<p>Genel \u00d6zellikler<\/p>\n\n\n\n<ul class=\"wp-block-list\">\n<li>Mod\u00fcler ve end\u00fcstriyel tasar\u0131m<\/li>\n\n\n\n<li>H\u0131z 110 Kat\/Saat<\/li>\n\n\n\n<li>Enerji tasarrufu<\/li>\n\n\n\n<li>Ekonomik dizayn<\/li>\n\n\n\n<li>Performans ve verimlilik<\/li>\n\n\n\n<li>G\u00fcvenilir ve ekonomik tasar\u0131m<\/li>\n\n\n\n<li>Ergonomik ve mod\u00fcler<\/li>\n<\/ul>\n\n\n\n<hr class=\"wp-block-separator has-alpha-channel-opacity\"\/>\n\n\n\n<figure class=\"wp-block-table\"><table class=\"has-fixed-layout\"><tbody><tr><td><strong>Palet Ebat\u0131<\/strong> \/ <em>Pallet Size<\/em><\/td><td>800&#215;1200 &amp; 1000&#215;1200<\/td><\/tr><tr><td><strong>Hat kapasitesi<\/strong> \/ <em>Capacity<\/em><\/td><td><strong>5500 \u015ei\u015fe \/ Saat (5Lt. i\u00e7in)<\/strong> <em>5500 Bottle\/Hour<\/em><\/td><\/tr><tr><td><strong>Hat H\u0131z\u0131<\/strong> \/ <em>Speed<\/em><\/td><td><strong>110 Kat \/ Saat <\/strong>\/ <em>110 Layer \/ Hour<\/em><\/td><\/tr><tr><td><strong>Katman A\u011f\u0131rl\u0131\u011f\u0131 <\/strong>\/ <em>Layer Weight<\/em><\/td><td>300 kg<\/td><\/tr><tr><td><strong>Dolu Palet A\u011f\u0131rl\u0131\u011f\u0131<\/strong> \/ <em>Full pallet Weight<\/em><\/td><td>1500 kg<\/td><\/tr><tr><td><strong>Kurulu G\u00fc\u00e7<\/strong> \/ <em>Required Power<\/em><\/td><td>15 kW<\/td><\/tr><\/tbody><\/table><\/figure>\n\n\n\n<hr class=\"wp-block-separator has-alpha-channel-opacity\"\/>\n\n\n\n<div class=\"wp-block-group is-layout-grid wp-container-core-group-is-layout-9649a0d9 wp-block-group-is-layout-grid\">\n<figure class=\"wp-block-gallery has-nested-images columns-default is-cropped wp-block-gallery-2 is-layout-flex wp-block-gallery-is-layout-flex\">\n<figure class=\"wp-block-image size-full\"><img loading=\"lazy\" decoding=\"async\" width=\"619\" height=\"766\" data-id=\"255\" src=\"https:\/\/bloway.com.tr\/wp-content\/uploads\/2025\/02\/Basliksiz-7777777.gif\" alt=\"\" class=\"wp-image-255\"\/><\/figure>\n<\/figure>\n\n\n\n<figure class=\"wp-block-gallery has-nested-images columns-default is-cropped wp-block-gallery-3 is-layout-flex wp-block-gallery-is-layout-flex\">\n<figure class=\"wp-block-image size-full\"><img loading=\"lazy\" decoding=\"async\" width=\"619\" height=\"766\" data-id=\"253\" src=\"https:\/\/bloway.com.tr\/wp-content\/uploads\/2025\/02\/Basliksiz-777.gif\" alt=\"\" class=\"wp-image-253\"\/><\/figure>\n<\/figure>\n\n\n\n<figure class=\"wp-block-gallery has-nested-images columns-default is-cropped wp-block-gallery-4 is-layout-flex wp-block-gallery-is-layout-flex\">\n<figure class=\"wp-block-image size-full\"><img loading=\"lazy\" decoding=\"async\" width=\"619\" height=\"766\" data-id=\"254\" src=\"https:\/\/bloway.com.tr\/wp-content\/uploads\/2025\/02\/Basliksiz-7777.gif\" alt=\"\" class=\"wp-image-254\"\/><\/figure>\n<\/figure>\n\n\n\n<figure class=\"wp-block-gallery has-nested-images columns-default is-cropped wp-block-gallery-5 is-layout-flex wp-block-gallery-is-layout-flex\">\n<figure class=\"wp-block-image size-full\"><img loading=\"lazy\" decoding=\"async\" width=\"619\" height=\"766\" data-id=\"252\" src=\"https:\/\/bloway.com.tr\/wp-content\/uploads\/2025\/02\/Basliksiz-77.gif\" alt=\"\" class=\"wp-image-252\"\/><\/figure>\n<\/figure>\n<\/div>\n\n\n\n<p><\/p>\n","protected":false},"excerpt":{"rendered":"<p>BLOWAY (Seviye) Paletleme Sistemi GPL1200 Hat sonu \u00fcr\u00fcn\u00fcm\u00fcz Bloway Paletleme Makineleri, kullan\u0131c\u0131lar\u0131na kolayl\u0131k sa\u011flarken \u00fcretim kapasitesini art\u0131ran bir sistemdir. Tekli, ikili, d\u00f6rtl\u00fc ve on ikili \u00fcr\u00fcnlerin palet \u00fczerine yerle\u015ftirilmesi i\u00e7in \u00f6zel olarak tasarlanm\u0131\u015ft\u0131r. Makine, kompakt yap\u0131s\u0131 sayesinde az yer kaplar ve bak\u0131m kolayl\u0131\u011f\u0131 sunar. Gantry tipi asans\u00f6r sistemi, \u00b11 mm pozisyonlama hassasiyetine sahip olup, geli\u015fmi\u015f [&hellip;]<\/p>\n","protected":false},"author":1,"featured_media":0,"parent":0,"menu_order":0,"comment_status":"closed","ping_status":"closed","template":"","meta":{"footnotes":""},"class_list":["post-250","page","type-page","status-publish","hentry"],"_links":{"self":[{"href":"https:\/\/bloway.com.tr\/index.php?rest_route=\/wp\/v2\/pages\/250","targetHints":{"allow":["GET"]}}],"collection":[{"href":"https:\/\/bloway.com.tr\/index.php?rest_route=\/wp\/v2\/pages"}],"about":[{"href":"https:\/\/bloway.com.tr\/index.php?rest_route=\/wp\/v2\/types\/page"}],"author":[{"embeddable":true,"href":"https:\/\/bloway.com.tr\/index.php?rest_route=\/wp\/v2\/users\/1"}],"replies":[{"embeddable":true,"href":"https:\/\/bloway.com.tr\/index.php?rest_route=%2Fwp%2Fv2%2Fcomments&post=250"}],"version-history":[{"count":6,"href":"https:\/\/bloway.com.tr\/index.php?rest_route=\/wp\/v2\/pages\/250\/revisions"}],"predecessor-version":[{"id":348,"href":"https:\/\/bloway.com.tr\/index.php?rest_route=\/wp\/v2\/pages\/250\/revisions\/348"}],"wp:attachment":[{"href":"https:\/\/bloway.com.tr\/index.php?rest_route=%2Fwp%2Fv2%2Fmedia&parent=250"}],"curies":[{"name":"wp","href":"https:\/\/api.w.org\/{rel}","templated":true}]}}